{"id":1820,"date":"2016-08-26T09:51:44","date_gmt":"2016-08-26T06:51:44","guid":{"rendered":"https:\/\/agrodetales.lt\/?page_id=1820"},"modified":"2016-08-28T04:04:30","modified_gmt":"2016-08-28T01:04:30","slug":"kwt-550-kwt-650-kwt-651-e","status":"publish","type":"page","link":"https:\/\/agrodetales.lt\/ru\/technika\/samasz-agrotechnika\/mulceriai-pakeles-sienapjoves-hidraulines-streles\/kwt-550-kwt-650-kwt-651-e\/","title":{"rendered":"KWT 550, KWT 650, KWT 651 E"},"content":{"rendered":"<p>[vc_row][vc_column][vc_single_image image=&#187;1893&#8243; img_size=&#187;full&#187; add_caption=&#187;yes&#187; alignment=&#187;center&#187;][vc_column_text]SaMASZ \u043a\u043e\u0441\u0438\u043b\u043a\u0430 \u043f\u0440\u0438\u0434\u043e\u0440\u043e\u0436\u043d\u0430\u044f, \u043d\u0430\u0432\u0435\u0441\u043d\u0430\u044f KWT 550 \u0445\u043e\u0440\u043e\u0448\u043e \u0437\u0430\u0440\u0435\u043a\u043e\u043c\u0435\u043d\u0434\u0430\u0432\u0448\u0430\u044f \u0441\u0435\u0431\u044f \u043c\u043e\u0434\u0435\u043b\u044c. \u0421\u0442\u0440\u0435\u043b\u0430 \u0434\u043e\u0441\u0442\u0443\u043f\u043d\u0430 \u0432 \u0434\u0432\u0443\u0445 \u0432\u0430\u0440\u0438\u0430\u043d\u0442\u0430\u0445 &#8212; \u0441 \u0434\u0438\u0430\u043f\u0430\u0437\u043e\u043d\u043e\u043c 5,5 \u043c \u0438 6,5 \u043c, \u043f\u043e\u0434\u0432\u0435\u0448\u0435\u043d\u0430 \u043d\u0430 \u0437\u0430\u0434\u043d\u0435\u0439 \u0442\u0440\u0451\u0445\u0442\u043e\u0447\u0435\u0447\u043d\u043e\u0439 \u0441\u0438\u0441\u0442\u0435\u043c\u0435 \u043f\u043e\u0434\u0432\u0435\u0441\u043a\u0438 \u0442\u0440\u0430\u043a\u0442\u043e\u0440\u0430 \u043a\u0430\u0442\u0435\u0433\u043e\u0440\u0438\u0438 II. KWT 650 \u043e\u0442\u043b\u0438\u0447\u0430\u0435\u0442\u0441\u044f \u043e\u0442 \u043c\u043e\u0434\u0435\u043b\u0438 550 \u0433\u0438\u0434\u0440\u0430\u0432\u043b\u0438\u0447\u0435\u0441\u043a\u0438 \u043f\u043e\u0434\u0432\u0438\u0436\u043d\u043e\u0439 \u0432\u0442\u043e\u0440\u043e\u0439 \u0447\u0430\u0441\u0442\u044c\u044e \u0442\u0435\u043b\u0435\u0441\u043a\u043e\u043f\u0438\u0447\u0435\u0441\u043a\u043e\u0433\u043e \u043f\u043b\u0435\u0447\u0430. \u0421\u0442\u0440\u0435\u043b\u0430 \u043e\u0441\u043d\u0430\u0449\u0435\u043d\u0430 \u043d\u0435\u0437\u0430\u0432\u0438\u0441\u0438\u043c\u043e\u0439 \u0433\u0438\u0434\u0440\u0430\u0432\u043b\u0438\u0447\u0435\u0441\u043a\u043e\u0439 \u0441\u0438\u0441\u0442\u0435\u043c\u043e\u0439 , \u0440\u0430\u0434\u0438\u0430\u0442\u043e\u0440\u043e\u043c \u0438 150 \u043b\u0438\u0442\u0440\u043e\u0432\u044b\u043c \u043c\u0430\u0441\u043b\u044f\u043d\u044b\u043c \u0431\u0430\u043a\u043e\u043c.<\/p>\n<p>\u0412 \u043d\u043e\u0432\u0435\u0439\u0448\u0435\u0439 \u043c\u043e\u0434\u0435\u043b\u0438 KWT 651 E \u0432\u043f\u0435\u0440\u0435\u0434 \u0432\u044b\u043d\u0435\u0441\u0435\u043d\u0430 \u0441\u0442\u0440\u0435\u043b\u0430 \u0433\u0430\u0440\u0430\u043d\u0442\u0438\u0440\u0443\u0435\u0442 \u043e\u043f\u0435\u0440\u0430\u0442\u043e\u0440\u0443 \u0445\u043e\u0440\u043e\u0448\u0438\u0439 \u043e\u0431\u0437\u043e\u0440 \u0440\u0430\u0431\u043e\u0447\u0438\u0445 <span id=\"result_box\" class=\"short_text\" lang=\"ru\"><span class=\"alt-edited\">\u043f\u0440\u0438\u043d\u0430\u0434\u043b\u0435\u0436\u043d\u043e\u0441\u0442\u0435\u0439, \u0442\u0435\u043c \u0441\u0430\u043c\u044b\u043c \u0441\u043e\u0437\u0434\u0430\u0432\u044f \u0443\u0441\u043b\u043e\u0432\u0438\u044f \u0440\u0430\u0431\u043e\u0442\u0430\u0442\u044c \u043a\u043e\u043c\u0444\u043e\u0440\u0442\u043d\u043e \u0438 \u043f\u0440\u043e\u0434\u0443\u043a\u0442\u0438\u0432\u043d\u043e. <\/span><\/span>[\/vc_column_text][vc_separator][\/vc_column][\/vc_row][vc_row][vc_column width=&#187;1\/2&#8243;][vc_column_text]<\/p>\n<h4>\u041f\u0440\u0435\u0438\u043c\u0443\u0449\u0435\u0441\u0442\u0432\u0430<\/h4>\n<ul>\n<li>\u0411\u044b\u0441\u0442\u0440\u0430\u044f \u0437\u0430\u043c\u0435\u043d\u0430 \u0440\u0430\u0431\u043e\u0447\u0438\u0445 \u043e\u0440\u0433\u0430\u043d\u043e\u0432.<\/li>\n<li>\u0421\u043e\u0431\u0441\u0442\u0432\u0435\u043d\u043d\u0430\u044f, \u043d\u0430\u0434\u0451\u0436\u043d\u0430\u044f \u0433\u0438\u0434\u0440\u0430\u0432\u043b\u0438\u0447\u0435\u0441\u043a\u0430\u044f \u0441\u0438\u0441\u0442\u0435\u043c\u0430.<\/li>\n<li>\u0423\u0441\u0442\u0430\u043d\u043e\u0432\u043a\u0430 \u043d\u0430 \u0441\u0442\u0430\u043d\u0434\u0430\u0440\u0442\u043d\u043e\u0439 \u0442\u0440\u0451\u0445\u0442\u043e\u0447\u0435\u0447\u043d\u043e\u0439 \u0441\u0438\u0441\u0442\u0435\u043c\u0435 \u043f\u043e\u0434\u0432\u0435\u0441\u043a\u0438 \u0442\u0440\u0430\u043a\u0442\u043e\u0440\u0430 \u043a\u0430\u0442. II.<\/li>\n<li>\u0413\u0438\u0434\u0440\u0430\u0432\u043b\u0438\u0447\u0435\u0441\u043a\u0438\u0439 \u043f\u0435\u0434\u043e\u0445\u0440\u0430\u043d\u0438\u0442\u0435\u043b\u044c \u0432 \u0441\u0442\u0430\u043d\u0434\u0430\u0440\u0442\u0435.<\/li>\n<li>\u0418\u0441\u043f\u043e\u043b\u044c\u0437\u043e\u0432\u0430\u043d\u0438\u0435 \u0434\u0440\u043e\u0441\u0441\u0435\u043b\u044c\u043d\u043e\u0433\u043e \u043a\u043b\u0430\u043f\u0430\u043d\u0430 \u043f\u043e\u0437\u0432\u043e\u043b\u044f\u0435\u0442  \u043f\u043b\u0430\u0432\u043d\u043e \u0438 \u0442\u043e\u0447\u043d\u043e \u0440\u0435\u0433\u0443\u043b\u0438\u0440\u043e\u0432\u0430\u0442\u044c  \u0440\u0430\u0431\u043e\u0442\u0443 \u0441\u0442\u0440\u0435\u043b\u044b.<\/li>\n<li>\u0412\u043e\u0437\u043c\u043e\u0436\u043d\u043e\u0441\u0442\u044c \u043f\u0440\u0438\u0441\u043f\u043e\u0441\u043e\u0431\u043b\u0435\u043d\u0438\u044f \u043a \u0442\u0440\u0430\u043a\u0442\u043e\u0440\u0443 \u0441 \u043e\u0431\u043e\u0440\u043e\u0442\u0430\u043c\u0438 \u0412\u041e\u041c \u2014 540 \u043e\u0431\u0440\/\u043c\u0438\u043d.<\/li>\n<li>\u041f\u043e\u0433\u0440\u0443\u0437\u043e\u0447\u043d\u0430\u044f \u0446\u0435\u043f\u044c \u0432 \u0441\u0442\u0430\u043d\u0434\u0430\u0440\u0442\u0435.<\/li>\n<li>\u0423\u043f\u0440\u043e\u0447\u043d\u0435\u043d\u043d\u0430\u044f \u043a\u043e\u043d\u0441\u0442\u0440\u0443\u043a\u0446\u0438\u044f \u0440\u044b\u0447\u0430\u0433\u0430 \u0438 \u0442\u044f\u0433 \u0438\u0437\u0433\u043e\u0442\u043e\u0432\u043b\u0435\u043d\u043d\u044b\u0445 \u0438\u0437 \u043f\u0440\u043e\u0447\u043d\u043e\u0439 \u0441\u0442\u0430\u043b\u0438.<\/li>\n<li>\u0423\u0441\u0442\u0430\u043d\u043e\u0432\u043b\u0435\u043d\u043d\u044b\u0435 \u043f\u043e\u043a\u0430\u0437\u0430\u0442\u0435\u043b\u0438 \u0442\u0435\u043c\u043f\u0435\u0440\u0430\u0442\u0443\u0440\u044b \u0438 \u043c\u0430\u0441\u043b\u0430.<\/li>\n<li>\u0428\u0438\u0440\u043e\u043a\u0438\u0439 \u043f\u0440\u0435\u0434\u0435\u043b \u0440\u0430\u0431\u043e\u0442 \u0434\u043e 6,65 \u043c (KWT 650 \u0441 \u0433\u043e\u043b\u043e\u0432\u043a\u043e\u0439  KW 140).<\/li>\n<\/ul>\n<p>[\/vc_column_text][\/vc_column][vc_column width=&#187;1\/2&#8243;][vc_single_image image=&#187;1894&#8243; img_size=&#187;medium&#187; add_caption=&#187;yes&#187; alignment=&#187;center&#187;][\/vc_column][\/vc_row][vc_row][vc_column width=&#187;1\/4&#8243;][vc_column_text]<img loading=\"lazy\" class=\"aligncenter size-medium wp-image-1896\" src=\"https:\/\/agrodetales.lt\/zemes-ukio-technikos-dalys\/01-nepriklausoma-hidrauline-sistema-su-alyvos-ausintuvu-450x386.jpg\" alt=\"Nepriklausoma hidraulin\u0117 sistema\" width=\"450\" height=\"386\" srcset=\"https:\/\/agrodetales.lt\/zemes-ukio-technikos-dalys\/01-nepriklausoma-hidrauline-sistema-su-alyvos-ausintuvu-450x386.jpg 450w, https:\/\/agrodetales.lt\/zemes-ukio-technikos-dalys\/01-nepriklausoma-hidrauline-sistema-su-alyvos-ausintuvu-150x129.jpg 150w, https:\/\/agrodetales.lt\/zemes-ukio-technikos-dalys\/01-nepriklausoma-hidrauline-sistema-su-alyvos-ausintuvu-90x77.jpg 90w, https:\/\/agrodetales.lt\/zemes-ukio-technikos-dalys\/01-nepriklausoma-hidrauline-sistema-su-alyvos-ausintuvu.jpg 700w\" sizes=\"(max-width: 450px) 100vw, 450px\" \/>\u0412 \u0441\u0438\u0441\u0442\u0435\u043c\u0435 &#171;\u0433\u0438\u0434\u0440\u043e\u043d\u0430\u0441\u043e\u0441 \u2014 \u0433\u0438\u0434\u0440\u043e\u0434\u0432\u0438\u0433\u0430\u0442\u0435\u043b\u044c&#187;  \u0443\u0441\u0442\u0430\u043d\u043e\u0432\u043b\u0435\u043d \u043c\u0430\u0441\u043b\u043e\u043e\u0445\u043b\u0430\u0434\u0438\u0442\u0435\u043b\u044c, \u0437\u0430\u0449\u0438\u0449\u0430\u044e\u0449\u0438\u0439 \u0433\u0438\u0434\u0440\u043e\u0441\u0438\u0441\u0442\u0435\u043c\u0443 \u043e\u0442 \u043f\u0435\u0440\u0435\u0433\u0440\u0435\u0432\u0430.[\/vc_column_text][\/vc_column][vc_column width=&#187;1\/4&#8243;][vc_column_text]<img loading=\"lazy\" class=\"aligncenter size-medium wp-image-1897\" src=\"https:\/\/agrodetales.lt\/zemes-ukio-technikos-dalys\/02-alyvos-atskyrimo-filtrai-su-irengtais-uztersimo-matuokliais-450x386.jpg\" alt=\"02-alyvos-atskyrimo- filtrai-su-irengtais-uztersimo-matuokliais\" width=\"450\" height=\"386\" srcset=\"https:\/\/agrodetales.lt\/zemes-ukio-technikos-dalys\/02-alyvos-atskyrimo-filtrai-su-irengtais-uztersimo-matuokliais-450x386.jpg 450w, https:\/\/agrodetales.lt\/zemes-ukio-technikos-dalys\/02-alyvos-atskyrimo-filtrai-su-irengtais-uztersimo-matuokliais-150x129.jpg 150w, https:\/\/agrodetales.lt\/zemes-ukio-technikos-dalys\/02-alyvos-atskyrimo-filtrai-su-irengtais-uztersimo-matuokliais-90x77.jpg 90w, https:\/\/agrodetales.lt\/zemes-ukio-technikos-dalys\/02-alyvos-atskyrimo-filtrai-su-irengtais-uztersimo-matuokliais.jpg 700w\" sizes=\"(max-width: 450px) 100vw, 450px\" \/>\u041c\u0430\u0441\u043b\u043e\u043e\u0442\u0434\u0435\u043b\u044f\u044e\u0449\u0438\u0435 \u0444\u0438\u043b\u044c\u0442\u0440\u044b \u0441\u043e \u0432\u0441\u0442\u0440\u043e\u0435\u043d\u043d\u044b\u043c \u043f\u043e\u043a\u0430\u0437\u0430\u0442\u0435\u043b\u0435\u043c \u0437\u0430\u0433\u0440\u044f\u0437\u043d\u0435\u043d\u0438\u044f, \u0443\u0441\u0442\u0430\u043d\u043e\u0432\u043b\u0435\u043d\u043d\u044b\u0435 \u0432 \u0433\u0438\u0434\u0440\u0430\u0432\u043b\u0438\u0447\u0435\u0441\u043a\u043e\u0439 \u0441\u0438\u0441\u0442\u0435\u043c\u0435 \u0437\u0430\u0449\u0438\u0449\u0430\u044e\u0442 \u0434\u0432\u0438\u0433\u0430\u0442\u0435\u043b\u044c \u043e\u0442 \u043f\u043e\u0432\u0440\u0435\u0436\u0434\u0435\u043d\u0438\u044f.[\/vc_column_text][\/vc_column][vc_column width=&#187;1\/4&#8243;][vc_column_text]<img loading=\"lazy\" class=\"aligncenter size-medium wp-image-1898\" src=\"https:\/\/agrodetales.lt\/zemes-ukio-technikos-dalys\/03-hidraulinis-saugiklis-saugo-irengini-nuo-pazeidimo-450x386.jpg\" alt=\"Hidraulinis saugiklis saugo \u012frengin\u012f nuo pa\u017eeidim\u0173\" width=\"450\" height=\"386\" srcset=\"https:\/\/agrodetales.lt\/zemes-ukio-technikos-dalys\/03-hidraulinis-saugiklis-saugo-irengini-nuo-pazeidimo-450x386.jpg 450w, https:\/\/agrodetales.lt\/zemes-ukio-technikos-dalys\/03-hidraulinis-saugiklis-saugo-irengini-nuo-pazeidimo-150x129.jpg 150w, https:\/\/agrodetales.lt\/zemes-ukio-technikos-dalys\/03-hidraulinis-saugiklis-saugo-irengini-nuo-pazeidimo-90x77.jpg 90w, https:\/\/agrodetales.lt\/zemes-ukio-technikos-dalys\/03-hidraulinis-saugiklis-saugo-irengini-nuo-pazeidimo.jpg 700w\" sizes=\"(max-width: 450px) 100vw, 450px\" \/>\u0413\u0438\u0434\u0440\u0430\u0432\u043b\u0438\u0447\u0435\u0441\u043a\u0438\u0439 \u043f\u0440\u0435\u0434\u043e\u0445\u0440\u0430\u043d\u0438\u0442\u0435\u043b\u044c \u0437\u0430\u0449\u0438\u0449\u0430\u0435\u0442 \u043c\u0430\u0448\u0438\u043d\u0443 \u043e\u0442 \u043f\u043e\u0432\u0440\u0435\u0436\u0434\u0435\u043d\u0438\u0439 \u2014 \u0432 \u0441\u043b\u0443\u0447\u0430\u0435 \u043d\u0430\u0435\u0437\u0434\u0430 \u043d\u0430 \u043f\u0440\u0435\u043f\u044f\u0442\u0441\u0442\u0432\u0438\u0435 \u043f\u043b\u0435\u0447\u043e \u043e\u0442\u043e\u0434\u0432\u0438\u0433\u0430\u0435\u0442\u0441\u044f \u043d\u0430\u0437\u0430\u0434.[\/vc_column_text][\/vc_column][vc_column width=&#187;1\/4&#8243;][vc_column_text]<img loading=\"lazy\" class=\"aligncenter size-medium wp-image-1899\" src=\"https:\/\/agrodetales.lt\/zemes-ukio-technikos-dalys\/04-papildomas-pakelimo-servomotoro-voztuvas-saugo-strele-nuo-kritimo-450x386.jpg\" alt=\"Papildomas pak\u0117limo servomotoro vo\u017etuvas saugo str\u0117l\u0119 nuo kritimo\" width=\"450\" height=\"386\" srcset=\"https:\/\/agrodetales.lt\/zemes-ukio-technikos-dalys\/04-papildomas-pakelimo-servomotoro-voztuvas-saugo-strele-nuo-kritimo-450x386.jpg 450w, https:\/\/agrodetales.lt\/zemes-ukio-technikos-dalys\/04-papildomas-pakelimo-servomotoro-voztuvas-saugo-strele-nuo-kritimo-150x129.jpg 150w, https:\/\/agrodetales.lt\/zemes-ukio-technikos-dalys\/04-papildomas-pakelimo-servomotoro-voztuvas-saugo-strele-nuo-kritimo-90x77.jpg 90w, https:\/\/agrodetales.lt\/zemes-ukio-technikos-dalys\/04-papildomas-pakelimo-servomotoro-voztuvas-saugo-strele-nuo-kritimo.jpg 700w\" sizes=\"(max-width: 450px) 100vw, 450px\" \/>\u0414\u043e\u043f\u043e\u043b\u043d\u0438\u0442\u0435\u043b\u044c\u043d\u044b\u0439 \u043a\u043b\u0430\u043f\u0430\u043d \u043d\u0430 \u0441\u0435\u0440\u0432\u043e\u043c\u043e\u0442\u043e\u0440\u0435 \u043f\u043e\u0434\u044a\u0451\u043c\u0430, \u0437\u0430\u0449\u0438\u0449\u0430\u0435\u0442 \u043f\u043b\u0435\u0447\u043e \u043e\u0442 \u043f\u0430\u0434\u0435\u043d\u0438\u044f, \u0434\u0430\u0436\u0435 \u0432 \u0441\u043b\u0443\u0447\u0430\u0435 \u043f\u043e\u0432\u0440\u0435\u0436\u0434\u0435\u043d\u0438\u044f \u0433\u0438\u0434\u0440\u043e\u043f\u0440\u043e\u0432\u043e\u0434\u0430.[\/vc_column_text][\/vc_column][\/vc_row][vc_row][vc_column width=&#187;1\/3&#8243;][vc_column_text]<\/p>\n<h4>\u0421\u0442\u0430\u043d\u0434\u0430\u0440\u0442\u043d\u043e\u0435 \u043e\u0441\u043d\u0430\u0449\u0435\u043d\u0438\u0435<\/h4>\n<ul>\n<li>\u0413\u0438\u0434\u0440\u043e\u0446\u0438\u043b\u0438\u043d\u0434\u0440\u044b<\/li>\n<li>\u0413\u0438\u0434\u0440\u0430\u0432\u043b\u0438\u0447\u0435\u0441\u043a\u0438\u0438\u0306 \u043f\u0440\u0435\u0434\u043e\u0445\u0440\u0430\u043d\u0438\u0442\u0435\u043b\u044c<\/li>\n<li>\u041f\u0440\u043e\u0432\u043e\u0434\u043d\u043e\u0438\u0306 \u043f\u0443\u043b\u044c\u0442 \u0443\u043f\u0440\u0430\u0432\u043b\u0435\u043d\u0438\u044f<\/li>\n<li>\u0423\u043a\u0430\u0437\u0430\u0442\u0435\u043b\u044c \u0442\u0435\u043c\u043f\u0435\u0440\u0430\u0442\u0443\u0440\u044b \u0438 \u0443\u0440\u043e\u0432\u043d\u044f \u043c\u0430\u0441\u043b\u0430<\/li>\n<li>\u0413\u0438\u0434\u0440\u0430\u0432\u043b\u0438\u0447\u0435\u0441\u043a\u0438\u0438\u0306 \u0440\u0438\u0433\u0435\u043b\u044c<\/li>\n<li>\u041c\u0430\u0441\u043b\u043e\u043e\u0445\u043b\u0430\u0434\u0438\u0442\u0435\u043b\u044c \u0441 \u0444\u0438\u043b\u044c\u0442\u0440\u0430\u043c\u0438<\/li>\n<li>\u041f\u0440\u0435\u0434\u043e\u0445\u0440\u0430\u043d\u0438\u0442\u0435\u043b\u044c\u043d\u044b\u0435 \u043a\u043b\u0430\u043f\u0430\u043d\u0430 \u043d\u0430 \u0433\u0438\u0434\u0440\u043e\u0446\u0438\u043b\u0438\u043d\u0434\u0440\u0430\u0445 \u043f\u043e\u0434\u044a\u0435\u043c\u0430<\/li>\n<li>\u0428\u0430\u0440\u043d\u0438\u0440\u043d\u043e &#8212; \u0442\u0435\u043b\u0435\u0441\u043a\u043e\u043f\u0438\u0447\u0435\u0441\u043a\u0438\u0439 <span id=\"result_box\" class=\"short_text\" lang=\"ru\"><span class=\"\">\u0432\u0430\u043b<\/span><\/span><\/li>\n<\/ul>\n<p>[\/vc_column_text][\/vc_column][vc_column width=&#187;1\/3&#8243;][vc_single_image image=&#187;2019&#8243;][vc_column_text]\u0421\u0442\u0430\u043d\u0434\u0430\u0440\u0442\u043d\u043e \u0443\u043f\u0440\u0430\u0432\u043b\u0435\u043d\u0438\u0435 \u0441\u0442\u0440\u0435\u043b\u043e\u0439 \u043a\u043e\u0441\u0438\u043b\u043a\u0438 \u043e\u0441\u0443\u0449\u0435\u0441\u0442\u0432\u043b\u044f\u0435\u0442\u0441\u044f \u0441 \u043f\u0440\u0438 \u043f\u043e\u043c\u043e\u0449\u0438 \u043f\u0440\u043e\u0432\u043e\u0434\u043d\u043e\u0433\u043e \u043f\u0443\u043b\u044c\u0442\u0430 \u0443\u043f\u0440\u0430\u0432\u043b\u0435\u043d\u0438\u044f \u0438\u0437 \u043a\u0430\u0431\u0438\u043d\u044b \u0442\u0440\u0430\u043a\u0442\u043e\u0440\u0430, \u043e\u0441\u043d\u0430\u0449\u0451\u043d\u043d\u043e\u0433\u043e \u0440\u044b\u0447\u0430\u0433\u043e\u043c \u0438 \u0434\u0436\u043e\u0439\u0441\u0442\u0438\u043a\u043e\u043c.[\/vc_column_text][\/vc_column][vc_column width=&#187;1\/3&#8243;][vc_single_image image=&#187;2020&#8243;][vc_column_text]\u041e\u043f\u0446\u0438\u043e\u043d\u0430\u043b\u044c\u043d\u043e \u0441\u0443\u0449\u0435\u0441\u0442\u0432\u0443\u0435\u0442 \u0432\u043e\u0437\u043c\u043e\u0436\u043d\u043e\u0441\u0442\u044c \u043f\u0440\u0438\u043e\u0431\u0440\u0435\u0442\u0435\u043d\u0438\u044f \u044d\u043b\u0435\u043a\u0442\u0440\u0438\u0447\u0435\u0441\u043a\u043e\u0433\u043e \u0443\u043f\u0440\u0430\u0432\u043b\u0435\u043d\u0438\u044f.[\/vc_column_text][\/vc_column][\/vc_row][vc_row][vc_column][vc_column_text]<\/p>\n<div><\/div>\n<div>\n<table class=\"table1\" style=\"width: 100%;\" border=\"1\">\n<thead>\n<tr>\n<td style=\"height: 40px; background-color: #d55725;\"><strong><span style=\"color: #ffffff;\">\u0422\u0438\u043f \u043a\u043e\u0441\u0438\u043b\u043a\u0438<\/span><\/strong><\/td>\n<td style=\"background-color: #d55725;\"><strong><span style=\"color: #ffffff;\">KWT 550<\/span><\/strong><\/td>\n<td style=\"background-color: #d55725;\"><strong><span style=\"color: #ffffff;\">KWT 650<\/span><\/strong><\/td>\n<td style=\"background-color: #d55725;\"><strong><span style=\"color: #ffffff;\">KWT 651 E<\/span><\/strong><\/td>\n<\/tr>\n<tr>\n<td>\u0428\u0438\u0440\u0438\u043d\u0430 \u0437\u0430\u0445\u0432\u0430\u0442\u0430 [\u043c]<\/td>\n<td>5,50<\/td>\n<td>6,50<\/td>\n<td>6,40<\/td>\n<\/tr>\n<tr>\n<td>\u041c\u043e\u0449\u043d\u043e\u0441\u0442\u044c \u0442\u0440\u0430\u043a\u0442\u043e\u0440\u0430 [\u043b.\u0441.]<\/td>\n<td>\u043e\u0442 80<\/td>\n<td>\u043e\u0442 90<\/td>\n<td>\u043e\u0442 90<\/td>\n<\/tr>\n<tr>\n<td>\u0423\u043f\u0440\u0430\u0432\u043b\u0435\u043d\u0438\u0435<\/td>\n<td colspan=\"2\">\u0442\u0440\u043e\u0441\u043e\u0432\u043e\u0435<\/td>\n<td>\u044d\u043b\u0435\u043a\u0442\u0440\u0438\u0447\u0435\u0441\u043a\u043e\u0435<br \/>\n0-1<\/td>\n<\/tr>\n<tr>\n<td>\u041e\u0431\u043e\u0440\u043e\u0442\u044b \u0412\u041e\u041c [\u043e\u0431\u043e\u0440.\/\u043c\u0438\u043d]*<\/td>\n<td colspan=\"3\">540<\/td>\n<\/tr>\n<tr>\n<td>\u041c\u0438\u043d\u0438\u043c\u0430\u043b\u044c\u043d\u044b\u0439 \u0432\u0435\u0441 \u0442\u0440\u0430\u043a\u0442\u043e\u0440\u0430 [\u043a\u0433]<\/td>\n<td>3700<\/td>\n<td>4300<\/td>\n<td>4300<\/td>\n<\/tr>\n<tr>\n<td>\u0412\u043c\u0435\u0441\u0442\u0438\u043c\u043e\u0441\u0442\u044c \u043c\u0430\u0441\u043b\u044f\u043d\u043e\u0433\u043e \u0431\u0430\u043a\u0430 [\u043b]<\/td>\n<td>150<\/td>\n<td>150<\/td>\n<td>150<\/td>\n<\/tr>\n<tr>\n<td>\u041c\u043e\u0449\u043d\u043e\u0441\u0442\u044c \u043d\u0430\u0441\u043e\u0441\u0430 [\u043a\u0412]<\/td>\n<td>33<\/td>\n<td>33<\/td>\n<td>33<\/td>\n<\/tr>\n<tr>\n<td>\u041f\u0440\u043e\u0438\u0437\u0432\u043e\u0434\u0438\u0442\u0435\u043b\u044c\u043d\u043e\u0441\u0442\u044c \u043d\u0430\u0441\u043e\u0441\u0430 [\u043b\/\u043c\u0438\u043d]<\/td>\n<td>102<\/td>\n<td>102<\/td>\n<td>102<\/td>\n<\/tr>\n<tr>\n<td>\u0422\u0440\u0430\u043d\u0441\u043f\u043e\u0440\u0442\u043d\u0430\u044f \u0448\u0438\u0440\u0438\u043d\u0430[\u043c]<\/td>\n<td>2,3<\/td>\n<td>2,3<\/td>\n<td>2,3<\/td>\n<\/tr>\n<tr>\n<td>\u0412\u0435\u0441 \u043a\u043e\u0441\u0438\u043b\u043a\u0438 [\u043a\u0433]<\/td>\n<td>1055<\/td>\n<td>1140<\/td>\n<td>1230<\/td>\n<\/tr>\n<\/thead>\n<\/table>\n<div><\/div>\n<\/div>\n<p>[\/vc_column_text][\/vc_column][\/vc_row][vc_row][vc_column][vc_column_text]<\/p>\n<p>[\/vc_column_text][\/vc_column][\/vc_row][vc_row][vc_column][vc_column_text]<\/p>\n<p>[\/vc_column_text][\/vc_column][\/vc_row]<\/p>","protected":false},"excerpt":{"rendered":"<p>[vc_row][vc_column][vc_single_image image=&#187;1893&#8243; img_size=&#187;full&#187; add_caption=&#187;yes&#187; alignment=&#187;center&#187;][vc_column_text]SaMASZ \u043a\u043e\u0441\u0438\u043b\u043a\u0430 \u043f\u0440\u0438\u0434\u043e\u0440\u043e\u0436\u043d\u0430\u044f, \u043d\u0430\u0432\u0435\u0441\u043d\u0430\u044f KWT 550 \u0445\u043e\u0440\u043e\u0448\u043e \u0437\u0430\u0440\u0435\u043a\u043e\u043c\u0435\u043d\u0434\u0430\u0432\u0448\u0430\u044f \u0441\u0435\u0431\u044f \u043c\u043e\u0434\u0435\u043b\u044c. \u0421\u0442\u0440\u0435\u043b\u0430 \u0434\u043e\u0441\u0442\u0443\u043f\u043d\u0430 \u0432 \u0434\u0432\u0443\u0445 \u0432\u0430\u0440\u0438\u0430\u043d\u0442\u0430\u0445 &#8212; \u0441 \u0434\u0438\u0430\u043f\u0430\u0437\u043e\u043d\u043e\u043c 5,5 \u043c \u0438 6,5 \u043c, \u043f\u043e\u0434\u0432\u0435\u0448\u0435\u043d\u0430 \u043d\u0430 \u0437\u0430\u0434\u043d\u0435\u0439 \u0442\u0440\u0451\u0445\u0442\u043e\u0447\u0435\u0447\u043d\u043e\u0439 \u0441\u0438\u0441\u0442\u0435\u043c\u0435 \u043f\u043e\u0434\u0432\u0435\u0441\u043a\u0438 \u0442\u0440\u0430\u043a\u0442\u043e\u0440\u0430 \u043a\u0430\u0442\u0435\u0433\u043e\u0440\u0438\u0438 II. KWT 650 \u043e\u0442\u043b\u0438\u0447\u0430\u0435\u0442\u0441\u044f \u043e\u0442 \u043c\u043e\u0434\u0435\u043b\u0438 550 \u0433\u0438\u0434\u0440\u0430\u0432\u043b\u0438\u0447\u0435\u0441\u043a\u0438 \u043f\u043e\u0434\u0432\u0438\u0436\u043d\u043e\u0439 \u0432\u0442\u043e\u0440\u043e\u0439 \u0447\u0430\u0441\u0442\u044c\u044e \u0442\u0435\u043b\u0435\u0441\u043a\u043e\u043f\u0438\u0447\u0435\u0441\u043a\u043e\u0433\u043e \u043f\u043b\u0435\u0447\u0430. \u0421\u0442\u0440\u0435\u043b\u0430 \u043e\u0441\u043d\u0430\u0449\u0435\u043d\u0430 \u043d\u0435\u0437\u0430\u0432\u0438\u0441\u0438\u043c\u043e\u0439 \u0433\u0438\u0434\u0440\u0430\u0432\u043b\u0438\u0447\u0435\u0441\u043a\u043e\u0439 \u0441\u0438\u0441\u0442\u0435\u043c\u043e\u0439 , \u0440\u0430\u0434\u0438\u0430\u0442\u043e\u0440\u043e\u043c [&hellip;]<\/p>\n","protected":false},"author":1,"featured_media":0,"parent":1775,"menu_order":0,"comment_status":"closed","ping_status":"closed","template":"","meta":[],"_links":{"self":[{"href":"https:\/\/agrodetales.lt\/ru\/wp-json\/wp\/v2\/pages\/1820"}],"collection":[{"href":"https:\/\/agrodetales.lt\/ru\/wp-json\/wp\/v2\/pages"}],"about":[{"href":"https:\/\/agrodetales.lt\/ru\/wp-json\/wp\/v2\/types\/page"}],"author":[{"embeddable":true,"href":"https:\/\/agrodetales.lt\/ru\/wp-json\/wp\/v2\/users\/1"}],"replies":[{"embeddable":true,"href":"https:\/\/agrodetales.lt\/ru\/wp-json\/wp\/v2\/comments?post=1820"}],"version-history":[{"count":0,"href":"https:\/\/agrodetales.lt\/ru\/wp-json\/wp\/v2\/pages\/1820\/revisions"}],"up":[{"embeddable":true,"href":"https:\/\/agrodetales.lt\/ru\/wp-json\/wp\/v2\/pages\/1775"}],"wp:attachment":[{"href":"https:\/\/agrodetales.lt\/ru\/wp-json\/wp\/v2\/media?parent=1820"}],"curies":[{"name":"wp","href":"https:\/\/api.w.org\/{rel}","templated":true}]}}