{"id":2180,"date":"2016-09-02T12:45:55","date_gmt":"2016-09-02T09:45:55","guid":{"rendered":"https:\/\/agrodetales.lt\/?page_id=2180"},"modified":"2017-03-30T14:57:12","modified_gmt":"2017-03-30T11:57:12","slug":"z2-780-z2-840-2-ju-rotoriu-grebliai","status":"publish","type":"page","link":"https:\/\/agrodetales.lt\/ru\/technika\/samasz-agrotechnika\/2-ju-rotoriu-grebliai\/z2-780-z2-840-2-ju-rotoriu-grebliai\/","title":{"rendered":"Z2-780, Z2-840 2-\u0443\u0445 \u0440\u043e\u0442\u043e\u0440\u043d\u044b\u0435 \u0432\u0430\u043b\u043a\u043e\u0432\u0430\u0442\u0435\u043b\u0438"},"content":{"rendered":"<p>[vc_row][vc_column][vc_single_image image=&#187;2311&#8243; img_size=&#187;full&#187; alignment=&#187;center&#187;][\/vc_column][\/vc_row][vc_row][vc_column][vc_column_text]<\/p>\n<h3>Z2-780, Z2-840 &#8212; \u043e\u0434\u043d\u0430 \u0446\u0435\u043d\u0442\u0440\u0430\u043b\u044c\u043d\u0430\u044f \u0432\u0430\u043b\u043a\u0430<\/h3>\n<p>\u0412\u0430\u043b\u043a\u043e\u043e\u0431\u0440\u0430\u0437\u043e\u0432\u0430\u0442\u0435\u043b\u044c 2-\u0445 \u0440\u043e\u0442\u043e\u0440\u043d\u044b\u0439 Z2 780 \u0445\u0430\u0440\u0430\u043a\u0442\u0435\u0440\u0438\u0437\u0443\u044e\u0442\u0441\u044f \u0432\u044b\u0441\u043e\u043a\u0438\u043c \u043a\u0430\u0447\u0435\u0441\u0442\u0432\u043e\u043c \u0441\u0431\u043e\u0440\u0430 \u0431\u043b\u0430\u0433\u043e\u0434\u0430\u0440\u044f \u043f\u0440\u0438\u043c\u0435\u043d\u0435\u043d\u0438\u044e \u043c\u0435\u0445\u0430\u043d\u0438\u0437\u043c\u0430 \u043f\u0440\u043e\u0434\u043e\u043b\u044c\u043d\u043e\u0433\u043e \u0438 \u043f\u043e\u043f\u0435\u0440\u0435\u0447\u043d\u043e\u0433\u043e \u043a\u043e\u043f\u0438\u0440\u043e\u0432\u0430\u043d\u0438\u044f \u043f\u043e\u0432\u0435\u0440\u0445\u043d\u043e\u0441\u0442\u0438.  \u0413\u0440\u0430\u0431\u043b\u0438 \u0441\u043e\u0431\u0438\u0440\u0430\u044e\u0442 \u0441\u043a\u043e\u0448\u0435\u043d\u043d\u0443\u044e \u043c\u0430\u0441\u0443 \u0441 \u043f\u043e\u043b\u043e\u0441\u044b \u0448\u0438\u0440\u0438\u043d\u043e\u0439 \u043e\u0442 7,20 \u0434\u043e 7,80 \u043c.<\/p>\n<p>\u041c\u043e\u0434\u0435\u043b\u044c Z2-840 \u043c\u043e\u0436\u0435\u0442 \u0441\u043e\u0431\u0438\u0440\u0430\u0442\u044c \u0437\u0435\u043b\u0435\u043d\u0443\u044e \u043c\u0430\u0441\u0441\u0443 \u0432 \u043e\u0434\u0438\u043d \u0446\u0435\u043d\u0442\u0440\u0430\u043b\u044c\u043d\u044b\u0439 \u0432\u0430\u043b\u043e\u043a. \u0420\u0430\u0431\u043e\u0447\u0430\u044f \u0448\u0438\u0440\u0438\u043d\u0430 \u0437\u0430\u0445\u0432\u0430\u0442\u0430 \u0432\u0430\u043b\u043a\u043e\u043e\u0431\u0440\u0430\u0437\u043e\u0432\u0430\u0442\u0435\u043b\u044f \u0440\u0435\u0433\u0443\u043b\u0438\u0440\u0443\u0435\u0442\u0441\u044f \u043e\u0442 7,60 \u0434\u043e 8,40 \u043c.[\/vc_column_text][\/vc_column][\/vc_row][vc_row][vc_column][vc_single_image image=&#187;2329&#8243; img_size=&#187;full&#187; alignment=&#187;center&#187;][\/vc_column][\/vc_row][vc_row][vc_column width=&#187;1\/3&#8243;][vc_single_image image=&#187;2315&#8243; img_size=&#187;full&#187; alignment=&#187;center&#187;][vc_column_text]<\/p>\n<h4>\u041a\u043e\u043b\u0435\u0441\u0430<\/h4>\n<p>\u0428\u0438\u0440\u043e\u043a\u0438\u0435 16-\u0434\u044e\u0439\u043c\u043e\u0432\u044b\u0435 \u0437\u0430\u0434\u043d\u0438\u0435 \u043e\u043f\u043e\u0440\u043d\u044b\u0435 \u043a\u043e\u043b\u0435\u0441\u0430 (340\/55-16) \u043e\u0431\u043b\u0435\u0433\u0447\u0430\u044e\u0442 \u043c\u0430\u043d\u0435\u0432\u0440\u0438\u0440\u043e\u0432\u0430\u043d\u0438\u0435 \u043d\u0430 \u043f\u043e\u0432\u043e\u0440\u043e\u0442\u0430\u0445.[\/vc_column_text][\/vc_column][vc_column width=&#187;1\/3&#8243;][vc_single_image image=&#187;2316&#8243; img_size=&#187;full&#187; alignment=&#187;center&#187;][vc_column_text]<\/p>\n<h4>\u0420\u0435\u0434\u0443\u043a\u0442\u043e\u0440<\/h4>\n<p>\u041d\u043e\u0432\u044b\u0439 \u0440\u0435\u0434\u0443\u043a\u0442\u043e\u0440 \u0441 \u0443\u0434\u043b\u0438\u043d\u0435\u043d\u043d\u044b\u043c\u0438 \u0448\u0442\u043e\u043a\u0430\u043c\u0438 \u0434\u043b\u044f \u0434\u043b\u0438\u0442\u0435\u043b\u044c\u043d\u043e\u0439 \u0431\u0435\u0437\u0430\u0432\u0430\u0440\u0438\u0439\u043d\u043e\u0439 \u044d\u043a\u0441\u043f\u043b\u0443\u0430\u0442\u0430\u0446\u0438\u0438.[\/vc_column_text][\/vc_column][vc_column width=&#187;1\/3&#8243;][vc_single_image image=&#187;2317&#8243; img_size=&#187;full&#187; alignment=&#187;center&#187;][vc_column_text]<\/p>\n<h4>\u0413\u0438\u0434\u0440\u0430\u0432\u043b\u0438\u0447\u0435\u0441\u043a\u0438\u0439 \u043f\u043e\u0434\u044a\u0451\u043c\u043d\u0438\u043a<\/h4>\n<p>\u0413\u0438\u0434\u0440\u0430\u0432\u043b\u0438\u0447\u0435\u0441\u043a\u0438\u0439 \u043f\u043e\u0434\u044a\u0451\u043c \u0440\u043e\u0442\u043e\u0440\u043e\u0432. \u041f\u0440\u0438\u043c\u0435\u043d\u0435\u043d\u0438\u0435 \u0440\u0430\u0437\u0433\u0440\u0443\u0437\u043e\u0447\u043d\u044b\u0445 \u043f\u0440\u0443\u0436\u0438\u043d \u0443\u043c\u0435\u043d\u044c\u0448\u0430\u0435\u0442 \u0434\u0430\u0432\u043b\u0435\u043d\u0438\u0435 \u043a\u043e\u043b\u0451\u0441 \u043d\u0430 \u043f\u043e\u0432\u0435\u0440\u0445\u043d\u043e\u0441\u0442\u044c.[\/vc_column_text][vc_column_text][\/vc_column_text][\/vc_column][\/vc_row][vc_row][vc_column width=&#187;1\/3&#8243;][vc_single_image image=&#187;2318&#8243; img_size=&#187;full&#187; alignment=&#187;center&#187;][vc_column_text]<\/p>\n<h4>\u041c\u0435\u0445\u0430\u043d\u0438\u0447\u0435\u0441\u043a\u0430\u044f \u0431\u043b\u043e\u043a\u0438\u0440\u043e\u0432\u043a\u0430<\/h4>\n<p>\u0411\u043b\u043e\u043a\u0438\u0440\u043e\u0432\u043a\u0430 \u043e\u0433\u0440\u0430\u043d\u0438\u0447\u0438\u0432\u0430\u0435\u0442 \u043f\u043e\u0434\u044a\u0451\u043c \u0440\u043e\u0442\u043e\u0440\u043e\u0432 \u0438 \u0438\u0441\u043f\u043e\u043b\u044c\u0437\u0443\u0435\u0442\u0441\u044f, \u043d\u0430\u043f\u0440\u0438\u043c\u0435\u0440, \u0434\u043b\u044f \u0440\u0430\u0437\u0432\u043e\u0440\u043e\u0442\u043e\u0432 \u0438 \u043f\u0440\u043e\u0435\u0437\u0434\u043e\u0432 \u043d\u0430\u0434 \u0432\u0430\u043b\u043a\u0430\u043c\u0438.[\/vc_column_text][\/vc_column][vc_column width=&#187;1\/3&#8243;][vc_single_image image=&#187;2319&#8243; img_size=&#187;full&#187; alignment=&#187;center&#187;][vc_column_text]<\/p>\n<h4>\u0420\u0435\u0433\u0443\u043b\u0438\u0440\u043e\u0432\u043a\u0430 \u0432\u044b\u0441\u043e\u0442\u044b \u043f\u0430\u043b\u044c\u0446\u0435\u0432<\/h4>\n<p>\u0420\u0430\u0441\u0441\u0442\u043e\u044f\u043d\u0438\u0435 \u043c\u0435\u0436\u0434\u0443 \u043f\u0430\u043b\u044c\u0446\u0430\u043c\u0438 \u0438 \u043f\u043e\u0432\u0435\u0440\u0445\u043d\u043e\u0441\u0442\u044c\u044e \u043f\u043e\u043b\u044f \u043f\u043b\u0430\u0432\u043d\u043e \u043d\u0430\u0441\u0442\u0440\u0430\u0438\u0432\u0430\u0435\u0442\u0441\u044f \u043f\u0440\u0438 \u043f\u043e\u043c\u043e\u0449\u0438 \u043c\u0435\u0445\u0430\u043d\u0438\u0447\u0435\u0441\u043a\u043e\u0439 \u0440\u0443\u0447\u043a\u0438.[\/vc_column_text][\/vc_column][\/vc_row][vc_row][vc_column width=&#187;1\/3&#8243;][vc_column_text]<\/p>\n<h4>\u041f\u0440\u0438\u0432\u043e\u0434\u043d\u043e\u0439 \u0432\u0430\u043b<\/h4>\n<p>\u041f\u0440\u0438\u0432\u043e\u0434\u043d\u043e\u0439 \u0432\u0430\u043b, \u043f\u0435\u0440\u0435\u043d\u043e\u0441\u044f\u0449\u0438\u0439 \u043f\u0440\u0438\u0432\u043e\u0434 \u043e\u0442 \u0442\u0440\u0430\u043a\u0442\u043e\u0440\u0430 \u043d\u0430 \u0440\u0435\u0434\u0443\u043a\u0442\u043e\u0440 \u043d\u0430\u0445\u043e\u0434\u0438\u0442\u0441\u044f \u0432\u043d\u0443\u0442\u0440\u0438 \u043d\u0435\u0441\u0443\u0449\u0435\u0439 \u0440\u0430\u043c\u044b (\u043f\u0430\u0442\u0435\u043d\u0442 SaMASZ). \u0422\u0430\u043a\u043e\u0435 \u0440\u0435\u0448\u0435\u043d\u0438\u0435 \u0437\u0430\u0449\u0438\u0449\u0430\u0435\u0442 \u043e\u0442 \u0432\u043b\u0430\u0433\u0438 \u0438 \u0433\u0440\u044f\u0437\u0438, \u0438 \u0441\u0443\u0449\u0435\u0441\u0442\u0432\u0435\u043d\u043d\u043e \u0443\u0432\u0435\u043b\u0438\u0447\u0438\u0432\u0430\u0435\u0442 \u0432\u0440\u0435\u043c\u044f \u0431\u0435\u0437\u043e\u0442\u043a\u0430\u0437\u043d\u043e\u0439 \u0440\u0430\u0431\u043e\u0442\u044b.[\/vc_column_text][\/vc_column][vc_column width=&#187;1\/3&#8243;][vc_column_text]<\/p>\n<h4>\u0417\u0430\u0446\u0435\u043f<\/h4>\n<p>\u041f\u043e\u0432\u043e\u0440\u043e\u0442\u043d\u043e\u0435 \u0434\u044b\u0448\u043b\u043e \u0443\u043f\u0440\u0430\u0432\u043b\u044f\u0435\u0442 \u0437\u0430\u0434\u043d\u0438\u043c\u0438 \u043a\u043e\u043b\u0451\u0441\u0430\u043c\u0438 \u0432 2-\u0445 \u0440\u0435\u0436\u0438\u043c\u0430\u0445:<br \/>\n\u0430) \u043a\u043e\u043f\u0438\u0440\u043e\u0432\u0430\u043d\u0438\u0435 \u043a\u043e\u043b\u0435\u0438 \u0442\u0440\u0430\u043a\u0442\u043e\u0440\u0430<br \/>\n\u0431) \u043f\u0435\u0440\u0435\u0443\u0441\u0442\u0430\u043d\u043e\u0432\u043a\u0430 \u0440\u0443\u0447\u043a\u0438 \u0443\u043f\u0440\u0430\u0432\u043b\u0435\u043d\u0438\u044f \u0432 \u0446\u0435\u043d\u0442\u0440\u0430\u043b\u044c\u043d\u043e\u0435 \u043f\u043e\u043b\u043e\u0436\u0435\u043d\u0438\u0435 \u043f\u043e\u0437\u0432\u043e\u043b\u044f\u0435\u0442 \u0442\u0440\u0430\u043d\u0441\u043f\u043e\u0440\u0442\u0438\u0440\u043e\u0432\u0430\u0442\u044c \u0433\u0440\u0430\u0431\u043b\u0438 \u043a\u0430\u043a \u043e\u0434\u043d\u0435\u043e\u0441\u043d\u044b\u0439 \u043f\u0440\u0438\u0446\u0435\u043f.[\/vc_column_text][\/vc_column][vc_column width=&#187;1\/3&#8243;][vc_column_text]<\/p>\n<h4>\u0420\u0430\u0437\u0432\u043e\u0440\u043e\u0442\u044b \u0438 \u043c\u0430\u043d\u0435\u0432\u0440\u0438\u0440\u043e\u0432\u0430\u043d\u0438\u0435<\/h4>\n<p>\u0411\u043b\u0430\u0433\u043e\u0434\u0430\u0440\u044f \u043f\u0440\u0438\u043c\u0435\u043d\u0435\u043d\u0438\u044e \u0433\u0438\u0434\u0440\u0430\u0432\u043b\u0438\u0447\u0435\u0441\u043a\u043e\u0433\u043e \u043f\u0440\u0438\u0432\u043e\u0434\u0430 \u0438 \u0431\u043b\u043e\u043a\u0438\u0440\u043e\u0432\u043a\u0438 \u0440\u043e\u0442\u043e\u0440\u043e\u0432, \u043f\u0440\u0438 \u0440\u0430\u0437\u0432\u043e\u0440\u043e\u0442\u0430\u0445 \u0432 \u043a\u043e\u043d\u0446\u0435 \u043f\u043e\u043b\u044f, \u0443\u0436\u0435 \u0441\u043e\u0431\u0440\u0430\u043d\u043d\u044b\u0435 \u0432\u0430\u043b\u043a\u0438 \u043d\u0435 \u0440\u0430\u0437\u0431\u0440\u0430\u0441\u044b\u0432\u0430\u044e\u0442\u0441\u044f.[\/vc_column_text][\/vc_column][\/vc_row][vc_row][vc_column width=&#187;1\/3&#8243;][vc_single_image image=&#187;2321&#8243; img_size=&#187;full&#187; alignment=&#187;center&#187;][vc_column_text]<\/p>\n<h4>\u0422\u0440\u0430\u043d\u0441\u043f\u043e\u0440\u0442\u0438\u0440\u043e\u0432\u043a\u0430<\/h4>\n<p>2-\u0445 \u0440\u043e\u0442\u043e\u0440\u043d\u044b\u0435 \u0433\u0440\u0430\u0431\u043b\u0438 \u0441\u043a\u043b\u0430\u0434\u044b\u0432\u0430\u044e\u0442\u0441\u044f \u0433\u0438\u0434\u0440\u0430\u0432\u043b\u0438\u0447\u0435\u0441\u043a\u0438 \u0434\u043b\u044f \u0442\u0440\u0430\u043d\u0441\u043f\u043e\u0440\u0442\u0438\u0440\u043e\u0432\u043a\u0438, \u0447\u0442\u043e \u043e\u0431\u043b\u0435\u0433\u0447\u0430\u0435\u0442 \u0434\u0432\u0438\u0436\u0435\u043d\u0438\u0435 \u043f\u043e \u043e\u0431\u0449\u0435\u0441\u0442\u0432\u0435\u043d\u043d\u044b\u043c \u0434\u043e\u0440\u043e\u0433\u0430\u043c. \u0422\u0440\u0430\u043d\u0441\u043f\u043e\u0440\u0442\u043d\u0430\u044f \u0448\u0438\u0440\u0438\u043d\u0430 \u043d\u0435 \u043f\u0440\u0435\u0432\u044b\u0448\u0430\u0435\u0442 2,9 \u043c.[\/vc_column_text][\/vc_column][vc_column width=&#187;1\/3&#8243;][vc_single_image image=&#187;2320&#8243; img_size=&#187;full&#187; alignment=&#187;center&#187;][\/vc_column][vc_column width=&#187;1\/3&#8243;][vc_single_image image=&#187;2326&#8243; img_size=&#187;full&#187; alignment=&#187;center&#187;][vc_column_text]<\/p>\n<h4>\u0420\u0435\u0433\u0443\u043b\u0438\u0440\u043e\u0432\u043a\u0430 \u0432\u044b\u0441\u043e\u0442\u044b \u043f\u0430\u043b\u044c\u0446\u0435\u0432<\/h4>\n<ul>\n<li>\u0420\u0443\u0447\u043d\u0430\u044f \u0440\u0435\u0433\u0443\u043b\u0438\u0440\u043e\u0432\u043a\u0430 \u0432\u044b\u0441\u043e\u0442\u044b \u043f\u0430\u043b\u044c\u0446\u0435\u0432 \u043e\u0442 \u0433\u0440\u0443\u043d\u0442\u0430.<\/li>\n<\/ul>\n<p>[\/vc_column_text][vc_column_text][\/vc_column_text][\/vc_column][\/vc_row][vc_row][vc_column width=&#187;1\/3&#8243;][vc_column_text]<\/p>\n<h4>\u0420\u0435\u0433\u0443\u043b\u0438\u0440\u043e\u0432\u043a\u0430 \u0448\u0438\u0440\u0438\u043d\u044b \u0441\u0433\u0440\u0435\u0431\u0430\u043d\u0438\u044f<\/h4>\n<ul>\n<li>\u0420\u0443\u0447\u043d\u043e\u0439 \u043c\u0435\u0445\u0430\u043d\u0438\u0437\u043c \u0440\u0435\u0433\u0443\u043b\u0438\u0440\u043e\u0432\u043a\u0438 \u0440\u0430\u0431\u043e\u0447\u0435\u0439 \u0448\u0438\u0440\u0438\u043d\u044b \u0441\u0433\u0440\u0435\u0431\u0430\u043d\u0438\u044f (Z2-780).<\/li>\n<li>\u041e\u043f\u0446\u0438\u043e\u043d\u0430\u043b\u044c\u043d\u043e &#8212; \u0433\u0438\u0434\u0440\u0430\u0432\u043b\u0438\u0447\u0435\u0441\u043a\u0438\u0439 \u043c\u0435\u0445\u0430\u043d\u0438\u0437\u043c \u0443\u0441\u0442\u0430\u043d\u043e\u0432\u043a\u0438 \u0448\u0438\u0440\u0438\u043d\u044b \u0441\u0433\u0440\u0435\u0431\u0430\u043d\u0438\u044f (Z2-840).<\/li>\n<\/ul>\n<p>[\/vc_column_text][\/vc_column][vc_column width=&#187;1\/3&#8243;][vc_single_image image=&#187;2324&#8243; img_size=&#187;full&#187; alignment=&#187;center&#187;][\/vc_column][vc_column width=&#187;1\/3&#8243;][vc_single_image image=&#187;2323&#8243; img_size=&#187;full&#187; alignment=&#187;center&#187;][\/vc_column][\/vc_row][vc_row][vc_column width=&#187;1\/3&#8243;][vc_column_text]<\/p>\n<h4>\u0418\u0437\u043c\u0435\u043d\u0435\u043d\u0438\u044f \u0432 \u043c\u043e\u0434\u0435\u043b\u0438 Z2-840 \u043f\u043e \u0441\u0440\u0430\u0432\u043d\u0435\u043d\u0438\u044e \u0441 Z2-780:<\/h4>\n<ul>\n<li>valdymas hidrauliniais cilindrais, n\u0117ra rankinio sugr\u0117bimo plo\u010dio valdymo<\/li>\n<li>&#8212; ve\u017eim\u0117lis su pasukamais ratais,<\/li>\n<li>didesnis skersinis pavir\u0161iaus kopijavimas +\/- 8<sup>o<\/sup><\/li>\n<li>naudojamas reduktorius su nuimamais kot\u0173 korpusais<\/li>\n<li>ilgesnis eksploatacijos laikas<\/li>\n<li>patobulintas brezentin\u0117s apsaugos pak\u0117limo mechanizmas<\/li>\n<li>padidintas \u0161onin\u0117s past\u016bmos plo\u010dio \u017eingsnis<\/li>\n<li>patobulintas darbo saugos komplektas<\/li>\n<\/ul>\n<p>[\/vc_column_text][\/vc_column][vc_column width=&#187;1\/3&#8243;][vc_single_image image=&#187;2374&#8243; img_size=&#187;full&#187; alignment=&#187;center&#187;][vc_column_text]<\/p>\n<h4>\u0420\u0430\u0431\u043e\u0447\u0430\u044f \u0448\u0438\u0440\u0438\u043d\u0430<\/h4>\n<p><strong>\u0420\u0438\u0441. A.<\/strong> \u041f\u0435\u0440\u0435\u043c\u0435\u043d\u043d\u0430\u044f \u0448\u0438\u0440\u0438\u043d\u0430 \u0441\u0433\u0440\u0435\u0431\u0430\u043d\u0438\u044f \u0432 \u0434\u0438\u0430\u043f\u0430\u0437\u043e\u043d\u0435 7,20 &#8212; 7,60 \u043c. \u0420\u0435\u0433\u0443\u043b\u0438\u0440\u043e\u0432\u043a\u0430 \u0432\u044b\u043f\u043e\u043b\u043d\u044f\u0435\u0442\u0441\u044f \u0442\u043e\u043b\u044c\u043a\u043e \u0432 \u0442\u0440\u0430\u043d\u0441\u043f\u043e\u0440\u0442\u043d\u043e\u043c \u043f\u043e\u043b\u043e\u0436\u0435\u043d\u0438\u0438 \u043c\u0435\u0445\u0430\u043d\u0438\u0447\u0435\u0441\u043a\u043e\u0439 \u043f\u0435\u0440\u0435\u0441\u0442\u0430\u043d\u043e\u0432\u043a\u043e\u0439 \u0448\u043a\u0432\u043e\u0440\u043d\u044f).[\/vc_column_text][\/vc_column][vc_column width=&#187;1\/3&#8243;][vc_single_image image=&#187;2375&#8243; img_size=&#187;full&#187; alignment=&#187;center&#187;][vc_column_text]<\/p>\n<h4>\u0421\u0438\u0441\u0442\u0435\u043c\u0430 \u043f\u043e\u0432\u043e\u0440\u043e\u0442\u0430 \u0437\u0430\u0434\u043d\u0438\u0445 \u043a\u043e\u043b\u0435\u0441<\/h4>\n<p><strong>\u0420\u0438\u0441. B.<\/strong> \u041e\u0431\u043b\u0435\u0433\u0447\u0435\u043d\u043d\u043e\u0435 \u043c\u0430\u043d\u0435\u0432\u0440\u0438\u0440\u043e\u0432\u0430\u043d\u0438\u0435 \u0431\u043b\u0430\u0433\u043e\u0434\u0430\u0440\u044f \u0441\u0438\u0441\u0442\u0435\u043c\u0435 \u043f\u043e\u0432\u043e\u0440\u043e\u0442\u0430 \u0437\u0430\u0434\u043d\u0438\u0445 \u043e\u043f\u043e\u0440\u043d\u044b\u0445 \u043a\u043e\u043b\u0435\u0441. \u041f\u0440\u043e\u0441\u0442\u043e\u0439 \u043c\u0435\u0445\u0430\u043d\u0438\u0437\u043c \u043f\u0435\u0440\u0435\u0434\u0430\u0435\u0442 \u043f\u043e\u0432\u043e\u0440\u043e\u0442 \u0441\u0446\u0435\u043f\u043a\u0438 \u043d\u0430 \u0442\u044f\u0433\u0443, \u043f\u043e\u0432\u043e\u0440\u0430\u0447\u0438\u0432\u0430\u044e\u0449\u0443\u044e \u0437\u0430\u0434\u043d\u0438\u0435 \u043a\u043e\u043b\u0435\u0441\u0430.[\/vc_column_text][\/vc_column][\/vc_row][vc_row][vc_column][vc_column_text]<\/p>\n<h4>\u0425\u0430\u0440\u0430\u043a\u0442\u0435\u0440\u0438\u0441\u0442\u0438\u043a\u0438 \u0441\u0435\u0440\u0438\u0438<\/h4>\n<div><\/div>\n<div>\n<table class=\"table1\" style=\"width: 100%;\" border=\"1\">\n<thead>\n<tr>\n<th style=\"height: 40px; background-color: #d55725;\" scope=\"row\"><span style=\"color: #ffffff;\">\u0422\u0438\u043f \u0433\u0440\u0430\u0431\u043b\u0435\u0439<\/span><\/th>\n<th style=\"background-color: #d55725;\" scope=\"col\"><span style=\"color: #ffffff;\">Z 2 &#8212; 780<\/span><\/th>\n<th style=\"background-color: #d55725;\" scope=\"col\"><span style=\"color: #ffffff;\">Z 2 &#8212; 840<\/span><\/th>\n<\/tr>\n<\/thead>\n<tbody>\n<tr>\n<td>\u0428\u0438\u0440\u0438\u043d\u0430 \u0437\u0430\u0445\u0432\u0430\u0442\u0430 [\u043c]<\/td>\n<td>7,20 &#8212; 7,60<\/td>\n<td>7,60 &#8212; 8,40<\/td>\n<\/tr>\n<tr>\n<td>\u0428\u0438\u0440\u0438\u043d\u0430 \u0441\u0433\u0440\u0435\u0431\u0430\u044e\u0449\u0435\u0433\u043e \u0432\u0430\u043b\u043a\u0430 [\u043c]<\/td>\n<td>1,50 &#8212; 2,00<\/td>\n<td>1,20 &#8212; 2,00<\/td>\n<\/tr>\n<tr>\n<td>\u041a\u043e\u043b\u0438\u0447\u0435\u0441\u0442\u0432\u043e \u043f\u043b\u0435\u0447\u0435\u0439 \u043d\u0430 \u0440\u043e\u0442\u043e\u0440\u0435 [\u0448\u0442.]<\/td>\n<td>2 x 11<\/td>\n<td>2 x 11<\/td>\n<\/tr>\n<tr>\n<td>\u041f\u0440\u043e\u0438\u0437\u0432\u043e\u0434\u0438\u0442\u0435\u043b\u044c\u043d\u043e\u0441\u0442\u044c [\u0433\u0430\/\u0447\u0430\u0441]<\/td>\n<td>~8,00<\/td>\n<td>~9,00<\/td>\n<\/tr>\n<tr>\n<td>\u041e\u0431\u043e\u0440\u043e\u0442\u044b \u0412\u041e\u041c [\u043e\u0431\u0440\/\u043c\u0438\u043d]<\/td>\n<td>540<\/td>\n<td>540<\/td>\n<\/tr>\n<tr>\n<td>\u041c\u043e\u0449\u043d\u043e\u0441\u0442\u044c \u0442\u0440\u0430\u043a\u0442\u043e\u0440\u0430 [\u043b.\u0441.]<\/td>\n<td>o\u0442 60<\/td>\n<td>o\u0442 80<\/td>\n<\/tr>\n<tr>\n<td>\u0428\u0438\u043d\u044b<\/td>\n<td>16 x 6,5-8 \/ 340\/55-16<\/td>\n<td>16 x 6,5-8 \/ 340\/55-16<\/td>\n<\/tr>\n<tr>\n<td>\u0422\u0440\u0430\u043d\u0441\u043f\u043e\u0440\u0442\u043d\u0430\u044f \u0448\u0438\u0440\u0438\u043d\u0430 [\u043c]<\/td>\n<td>2,90<\/td>\n<td>2,95<\/td>\n<\/tr>\n<tr>\n<td>\u0422\u0440\u0430\u043d\u0441\u043f\u043e\u0440\u0442\u043d\u0430\u044f \u0448\u0438\u0440\u0438\u043d\u0430 \u0431\u0435\u0437 \u043f\u0430\u043b\u044c\u0446\u0435\u0432[\u043c]<\/td>\n<td>3,40<\/td>\n<td>3,70<\/td>\n<\/tr>\n<tr>\n<td>\u041c\u0430\u0441\u0441\u0430 [\u043a\u0433]<\/td>\n<td>2040<\/td>\n<td>2330<\/td>\n<\/tr>\n<\/tbody>\n<\/table>\n<div><\/div>\n<\/div>\n<p>[\/vc_column_text][\/vc_column][\/vc_row][vc_row][vc_column width=&#187;1\/2&#8243;][vc_single_image image=&#187;2369&#8243; img_size=&#187;full&#187; alignment=&#187;center&#187;][vc_single_image image=&#187;2371&#8243; img_size=&#187;full&#187; alignment=&#187;center&#187;][\/vc_column][vc_column width=&#187;1\/2&#8243;][vc_column_text]<\/p>\n<h4>\u041f\u0440\u043e\u0434\u043e\u043b\u044c\u043d\u044b\u0439 \u0438 \u043f\u043e\u043f\u0435\u0440\u0435\u0447\u043d\u044b\u0439 \u043c\u0435\u0445\u0430\u043d\u0438\u0437\u043c \u043a\u043e\u043f\u0438\u0440\u043e\u0432\u0430\u043d\u0438\u044f \u0440\u0435\u043b\u044c\u0435\u0444\u0430<\/h4>\n<ul>\n<li>\u041a\u0430\u0436\u0434\u044b\u0439 \u0440\u043e\u0442\u043e\u0440 \u043e\u043f\u0438\u0440\u0430\u0435\u0442\u0441\u044f \u043d\u0430 \u0448\u0430\u0441\u0441\u0438 \u0441 \u0442\u0440\u0435\u043c\u044f \u0442\u0430\u043d\u0434\u0435\u043c\u0430\u043c\u0438. \u0414\u0430\u043d\u043d\u043e\u0435 \u0438\u043d\u0436\u0435\u043d\u0435\u0440\u043d\u043e\u0435 \u0440\u0435\u0448\u0435\u043d\u0438\u0435 \u043e\u0431\u0435\u0441\u043f\u0435\u0447\u0438\u0432\u0430\u0435\u0442 \u043e\u0447\u0435\u043d\u044c \u0445\u043e\u0440\u043e\u0448\u0435\u0435 \u043a\u043e\u043f\u0438\u0440\u043e\u0432\u0430\u043d\u0438\u0435 \u043f\u043e\u0432\u0435\u0440\u0445\u043d\u043e\u0441\u0442\u0438 \u043f\u043e\u043b\u044f. \u0412 \u0440\u0435\u0437\u0443\u043b\u044c\u0442\u0430\u0442\u0435 \u0438\u043c\u0435\u0435\u043c \u0447\u0438\u0441\u0442\u044b\u0439 \u0441\u0431\u043e\u0440 \u0437\u0435\u043b\u0451\u043d\u043e\u0439 \u043c\u0430\u0441\u0441\u044b \u0438\u043b\u0438 \u0441\u0435\u043d\u0430. \u0421\u0435\u0440\u0438\u044f \u0433\u0440\u0430\u0431\u043b\u0435\u0439 Z2-780 \u0441\u043e\u0445\u0440\u0430\u043d\u0438\u043b\u0430 \u0432\u0441\u0435 \u043f\u0440\u0435\u0438\u043c\u0443\u0449\u0435\u0441\u0442\u0432\u0430 \u043c\u043b\u0430\u0434\u0448\u0438\u0445 \u0441\u0435\u0440\u0438\u0439 ( Z 410).<\/li>\n<li>\u0421\u0440\u0430\u0432\u043d\u0438\u0442\u0435\u043b\u044c\u043d\u044b\u0439 \u0430\u043d\u0430\u043b\u0438\u0437 \u043a\u043e\u043d\u043a\u0443\u0440\u0435\u043d\u0442\u043d\u044b\u0445 \u043c\u043e\u0434\u0435\u043b\u0435\u0439 \u043f\u043e\u043a\u0430\u0437\u044b\u0432\u0430\u0435\u0442, \u0447\u0442\u043e \u043b\u0438\u0448\u044c \u043d\u0435\u043c\u043d\u043e\u0433\u0438\u0435 \u043f\u0440\u043e\u0438\u0437\u0432\u043e\u0434\u0438\u0442\u0435\u043b\u0438 \u0432\u0430\u043b\u043a\u043e\u043e\u0431\u0440\u0430\u0437\u043e\u0432\u0430\u0442\u0435\u043b\u0435\u0439 \u0430\u043d\u0430\u043b\u043e\u0433\u0438\u0447\u043d\u043e\u0433\u043e \u043a\u043b\u0430\u0441\u0441\u0430 (\u0434\u043e 7,8 \u043c), \u043c\u043e\u0433\u0443\u0442 \u043f\u043e\u0445\u0432\u0430\u0441\u0442\u0430\u0442\u044c\u0441\u044f \u043f\u043e\u0434\u043e\u0431\u043d\u043e\u0439 \u0441\u0438\u0441\u0442\u0435\u043c\u043e\u0439 \u043a\u043e\u043f\u0438\u0440\u043e\u0432\u0430\u043d\u0438\u044f \u0440\u0435\u043b\u044c\u0435\u0444\u0430.<\/li>\n<\/ul>\n<p>[\/vc_column_text][\/vc_column][\/vc_row][vc_row][vc_column width=&#187;1\/3&#8243;][vc_column_text]<\/p>\n<h4>\u0420\u0435\u0433\u0443\u043b\u0438\u0440\u043e\u0432\u043a\u0430 \u0432\u044b\u0441\u043e\u0442\u044b \u0442e\u043b\u0435\u0436\u043a\u0438<\/h4>\n<p>\u0414\u043e\u043f\u043e\u043b\u043d\u0438\u0442\u0435\u043b\u044c\u043d\u043e\u0435 \u0443\u0432\u0435\u043b\u0438\u0447\u0435\u043d\u0438\u0435 \u0440\u0430\u0441\u0441\u0442\u043e\u044f\u043d\u0438\u044f \u043f\u043b\u0435\u0447\u0435\u0439 \u043e\u0442 \u0437\u0435\u043c\u043b\u0438 \u043f\u043e\u043b\u0443\u0447\u0430\u0435\u0442\u0441\u044f \u043f\u0435\u0440\u0435\u0441\u0442\u0430\u043d\u043e\u0432\u043a\u043e\u0439 \u043a\u0440\u043e\u043d\u0448\u0442\u0435\u0439\u043d\u043e\u0432 \u0442\u0430\u043d\u0434\u0435\u043c\u043d\u043e\u0439 \u0442\u0435\u043b\u0435\u0436\u043a\u0438. \u042d\u0442\u043e \u0438\u043c\u0435\u0435\u0442 \u0431\u043e\u043b\u044c\u0448\u043e\u0435 \u0437\u043d\u0430\u0447\u0435\u043d\u0438\u0435 \u043f\u0440\u0438 \u0440\u0430\u0431\u043e\u0442\u0435 \u043d\u0430 \u0437\u0430\u043b\u0438\u0432\u043d\u044b\u0445 \u043b\u0443\u0433\u0430\u0445 \u0438 \u0442\u043e\u043f\u043a\u0438\u0445 \u0433\u0440\u0443\u043d\u0442\u0430\u0445.[\/vc_column_text][\/vc_column][vc_column width=&#187;1\/3&#8243;][vc_single_image image=&#187;2366&#8243; img_size=&#187;full&#187; alignment=&#187;center&#187;][\/vc_column][vc_column width=&#187;1\/3&#8243;][vc_single_image image=&#187;2367&#8243; img_size=&#187;full&#187; alignment=&#187;center&#187;][\/vc_column][\/vc_row]<\/p>","protected":false},"excerpt":{"rendered":"<p>[vc_row][vc_column][vc_single_image image=&#187;2311&#8243; img_size=&#187;full&#187; alignment=&#187;center&#187;][\/vc_column][\/vc_row][vc_row][vc_column][vc_column_text] Z2-780, Z2-840 &#8212; \u043e\u0434\u043d\u0430 \u0446\u0435\u043d\u0442\u0440\u0430\u043b\u044c\u043d\u0430\u044f \u0432\u0430\u043b\u043a\u0430 \u0412\u0430\u043b\u043a\u043e\u043e\u0431\u0440\u0430\u0437\u043e\u0432\u0430\u0442\u0435\u043b\u044c 2-\u0445 \u0440\u043e\u0442\u043e\u0440\u043d\u044b\u0439 Z2 780 \u0445\u0430\u0440\u0430\u043a\u0442\u0435\u0440\u0438\u0437\u0443\u044e\u0442\u0441\u044f \u0432\u044b\u0441\u043e\u043a\u0438\u043c \u043a\u0430\u0447\u0435\u0441\u0442\u0432\u043e\u043c \u0441\u0431\u043e\u0440\u0430 \u0431\u043b\u0430\u0433\u043e\u0434\u0430\u0440\u044f \u043f\u0440\u0438\u043c\u0435\u043d\u0435\u043d\u0438\u044e \u043c\u0435\u0445\u0430\u043d\u0438\u0437\u043c\u0430 \u043f\u0440\u043e\u0434\u043e\u043b\u044c\u043d\u043e\u0433\u043e \u0438 \u043f\u043e\u043f\u0435\u0440\u0435\u0447\u043d\u043e\u0433\u043e \u043a\u043e\u043f\u0438\u0440\u043e\u0432\u0430\u043d\u0438\u044f \u043f\u043e\u0432\u0435\u0440\u0445\u043d\u043e\u0441\u0442\u0438. \u0413\u0440\u0430\u0431\u043b\u0438 \u0441\u043e\u0431\u0438\u0440\u0430\u044e\u0442 \u0441\u043a\u043e\u0448\u0435\u043d\u043d\u0443\u044e \u043c\u0430\u0441\u0443 \u0441 \u043f\u043e\u043b\u043e\u0441\u044b \u0448\u0438\u0440\u0438\u043d\u043e\u0439 \u043e\u0442 7,20 \u0434\u043e 7,80 \u043c. \u041c\u043e\u0434\u0435\u043b\u044c Z2-840 \u043c\u043e\u0436\u0435\u0442 \u0441\u043e\u0431\u0438\u0440\u0430\u0442\u044c \u0437\u0435\u043b\u0435\u043d\u0443\u044e \u043c\u0430\u0441\u0441\u0443 \u0432 \u043e\u0434\u0438\u043d \u0446\u0435\u043d\u0442\u0440\u0430\u043b\u044c\u043d\u044b\u0439 \u0432\u0430\u043b\u043e\u043a. \u0420\u0430\u0431\u043e\u0447\u0430\u044f \u0448\u0438\u0440\u0438\u043d\u0430 \u0437\u0430\u0445\u0432\u0430\u0442\u0430 \u0432\u0430\u043b\u043a\u043e\u043e\u0431\u0440\u0430\u0437\u043e\u0432\u0430\u0442\u0435\u043b\u044f \u0440\u0435\u0433\u0443\u043b\u0438\u0440\u0443\u0435\u0442\u0441\u044f \u043e\u0442 [&hellip;]<\/p>\n","protected":false},"author":1,"featured_media":0,"parent":2187,"menu_order":0,"comment_status":"closed","ping_status":"closed","template":"","meta":[],"_links":{"self":[{"href":"https:\/\/agrodetales.lt\/ru\/wp-json\/wp\/v2\/pages\/2180"}],"collection":[{"href":"https:\/\/agrodetales.lt\/ru\/wp-json\/wp\/v2\/pages"}],"about":[{"href":"https:\/\/agrodetales.lt\/ru\/wp-json\/wp\/v2\/types\/page"}],"author":[{"embeddable":true,"href":"https:\/\/agrodetales.lt\/ru\/wp-json\/wp\/v2\/users\/1"}],"replies":[{"embeddable":true,"href":"https:\/\/agrodetales.lt\/ru\/wp-json\/wp\/v2\/comments?post=2180"}],"version-history":[{"count":0,"href":"https:\/\/agrodetales.lt\/ru\/wp-json\/wp\/v2\/pages\/2180\/revisions"}],"up":[{"embeddable":true,"href":"https:\/\/agrodetales.lt\/ru\/wp-json\/wp\/v2\/pages\/2187"}],"wp:attachment":[{"href":"https:\/\/agrodetales.lt\/ru\/wp-json\/wp\/v2\/media?parent=2180"}],"curies":[{"name":"wp","href":"https:\/\/api.w.org\/{rel}","templated":true}]}}