{"id":652,"date":"2014-03-24T23:43:42","date_gmt":"2014-03-24T23:43:42","guid":{"rendered":"https:\/\/agrodetales.lt\/?page_id=652"},"modified":"2016-09-14T12:34:18","modified_gmt":"2016-09-14T09:34:18","slug":"priekines-bugnines","status":"publish","type":"page","link":"https:\/\/agrodetales.lt\/ru\/technika\/samasz-agrotechnika\/samasz-bugnines-sienapjoves\/priekines-bugnines\/","title":{"rendered":"\u0424\u0440\u043e\u043d\u0442\u0430\u043b\u044c\u043d\u044b\u0435 \u0431\u0430\u0440\u0430\u0431\u0430\u043d\u043d\u044b\u0435"},"content":{"rendered":"<p>[vc_row][vc_column][vc_single_image image=&#187;2107&#8243; img_size=&#187;full&#187; add_caption=&#187;yes&#187;][\/vc_column][\/vc_row][vc_row][vc_column][vc_column_text]\u0424\u0440\u043e\u043d\u0442\u0430\u043b\u044c\u043d\u044b\u0435 \u043a\u043e\u0441\u0438\u043b\u043a\u0438 \u0445\u0430\u0440\u0430\u043a\u0442\u0435\u0440\u0438\u0437\u0443\u044e\u0442\u0441\u044f \u043f\u0440\u0435\u0432\u043e\u0441\u0445\u043e\u0434\u043d\u044b\u043c \u043a\u043e\u043f\u0438\u0440\u043e\u0432\u0430\u043d\u0438\u0435\u043c \u0440\u0435\u043b\u044c\u0435\u0444\u0430, \u0431\u043b\u0430\u0433\u043e\u0434\u0430\u0440\u044f \u043f\u0440\u0438\u043c\u0435\u043d\u0435\u043d\u0438\u044e \u0441\u0438\u0441\u0442\u0435\u043c\u044b \u043d\u0430\u0432\u0435\u0441\u043a\u0438 \u0441 \u0441\u0438\u0441\u0442\u0435\u043c\u043e\u0439 \u0440\u0430\u0437\u0433\u0440\u0443\u0437\u043e\u0447\u043d\u044b\u0445 \u043f\u0440\u0443\u0436\u0438\u043d.<\/p>\n<h3>\u041a\u043e\u0441\u0438\u043b\u043a\u0438 2 \u0438 4-x \u0431\u0430\u0440\u0430\u0431\u0430\u043d\u043d\u044b\u0435 \u0444\u0440\u043e\u043d\u0442\u0430\u043b\u044c\u043d\u044b\u0435<\/h3>\n<p>Dviej\u0173 ir keturi\u0173 b\u016bgn\u0173 \u0161ienapjov\u0117s gamyboje naudojama ratlankio stebul\u0117 (IV tipo) \u2013 du dviej\u0173 eili\u0173 guoliai. \u0422\u0440\u0430\u043d\u0441\u043f\u043e\u0440\u0442\u0438\u0440\u043e\u0432\u043a\u0430 \u043a\u043e\u0441\u0438\u043b\u043a\u0438 \u043f\u0440\u043e\u0438\u0441\u0445\u043e\u0434\u0438\u0442 \u0441 \u043f\u043e\u0434\u043d\u044f\u0442\u044b\u043c\u0438 \u0431\u043e\u043a\u043e\u0432\u044b\u043c\u0438 \u0437\u0430\u0449\u0438\u0442\u0430\u043c\u0438. \u042d\u0442\u043e \u0437\u043d\u0430\u0447\u0438\u0442\u0435\u043b\u044c\u043d\u043e \u0443\u043c\u0435\u043d\u044c\u0448\u0430\u0435\u0442 \u0442\u0440\u0430\u043d\u0441\u043f\u043e\u0440\u0442\u043d\u0443\u044e \u0448\u0438\u0440\u0438\u043d\u0443 \u0438 \u0433\u0430\u0440\u0430\u043d\u0442\u0438\u0440\u0443\u0435\u0442 \u0431\u0435\u0441\u043f\u0440\u0435\u043f\u044f\u0442\u0441\u0442\u0432\u0435\u043d\u043d\u044b\u0439 \u043f\u0440\u043e\u0435\u0437\u0434 \u0434\u0430\u0436\u0435 \u043f\u043e \u0443\u0437\u043a\u0438\u043c \u043f\u0440\u043e\u0441\u0435\u043b\u043e\u0447\u043d\u044b\u043c \u0434\u043e\u0440\u043e\u0433\u0430\u043c.[\/vc_column_text][\/vc_column][\/vc_row][vc_row][vc_column width=&#187;1\/2&#8243;][vc_single_image image=&#187;2118&#8243; img_size=&#187;full&#187; add_caption=&#187;yes&#187; alignment=&#187;center&#187; label=&#187;&#187;][\/vc_column][vc_column width=&#187;1\/2&#8243;][vc_single_image image=&#187;2119&#8243; img_size=&#187;full&#187; add_caption=&#187;yes&#187; alignment=&#187;center&#187; label=&#187;&#187;][\/vc_column][\/vc_row][vc_row][vc_column][vc_column_text]<\/p>\n<h4>\u041f\u0440\u0435\u0438\u043c\u0443\u0449\u0435\u0441\u0442\u0432\u0430<\/h4>\n<ol>\n<li>\u0412\u044b\u0441\u043e\u043a\u0430\u044f \u043f\u0440\u043e\u0438\u0437\u0432\u043e\u0434\u0438\u0442\u0435\u043b\u044c\u043d\u043e\u0441\u0442\u044c \u0434\u0430\u0436\u0435 \u0432 \u0442\u044f\u0436\u0435\u043b\u044b\u0445 \u0443\u0441\u043b\u043e\u0432\u0438\u044f\u0445.<\/li>\n<li>\u0421\u043a\u043b\u0430\u0434\u043d\u044b\u0435 \u0431\u043e\u043a\u043e\u0432\u044b\u0435 \u0437\u0430\u0449\u0438\u0442\u044b \u0434\u043b\u044f \u0443\u043c\u0435\u043d\u044c\u0448\u0435\u043d\u0438\u044f \u0442\u0440\u0430\u043d\u0441\u043f\u043e\u0440\u0442\u043d\u043e\u0439 \u0448\u0438\u0440\u0438\u043d\u044b.<\/li>\n<li>\u0417\u0430\u0432\u043e\u0434\u0441\u043a\u0430\u044f \u0443\u0441\u0442\u0430\u043d\u043e\u0432\u043b\u0435\u043d\u043d\u0430\u044f \u0432\u044b\u0441\u043e\u0442\u0430 \u043a\u043e\u0448\u0435\u043d\u0438\u044f 5,8\u0441\u043c, \u0440\u0435\u0433\u0443\u043b\u0438\u0440\u0443\u0435\u043c\u0430\u044f \u0434\u0438\u0441\u0442\u0430\u043d\u0446\u0438\u043e\u043d\u043d\u044b\u043c\u0438 \u043a\u043e\u043b\u044c\u0446\u0430\u043c\u0438 (\u0448\u0430\u0433 8 \u043c\u043c).<\/li>\n<li>\u0425\u043e\u0440\u043e\u0448\u0435\u0435 \u043a\u043e\u043f\u0438\u0440\u043e\u0432\u0430\u043d\u0438\u0435 \u0440\u0435\u043b\u044c\u0435\u0444\u0430 \u043f\u043e\u043b\u044f.<\/li>\n<li>\u0418\u0434\u0435\u0430\u043b\u044c\u043d\u043e \u0441\u043e\u0447\u0435\u0442\u0430\u0435\u0442\u0441\u044f \u0441 \u043d\u0430\u0432\u0435\u0441\u043d\u044b\u043c\u0438 \u0431\u0430\u0440\u0430\u0431\u0430\u043d\u043d\u044b\u043c\u0438 \u043a\u043e\u0441\u0438\u043b\u043a\u0430\u043c\u0438.<\/li>\n<li>\u0417\u0430\u0446\u0435\u043f\u043d\u043e\u0439 \u0442\u0440\u0435\u0443\u0433\u043e\u043b\u044c\u043d\u0438\u043a \u041a\u0430\u0442. II \u0432 \u043e\u0441\u043d\u0430\u0449\u0435\u043d\u0438\u0438.<\/li>\n<li>\u0412\u0435\u0440\u0445\u043d\u0438\u0435 \u0437\u0430\u0449\u0438\u0442\u044b \u0441\u043e\u043e\u0442\u0432\u0435\u0442\u0441\u0442\u0432\u0443\u044e\u0442 \u0442\u0440\u0435\u0431\u043e\u0432\u0430\u043d\u0438\u044f\u043c \u0435\u0432\u0440\u043e\u043f\u0435\u0439\u0441\u043a\u0438\u0445 \u0441\u0442\u0430\u043d\u0434\u0430\u0440\u0442\u043e\u0432 (PN-EN ISO 4254-12).<\/li>\n<li>\u041e\u0433\u0440\u0430\u043d\u0438\u0447\u0438\u0442\u0435\u043b\u044c\u043d\u044b\u0435 \u0446\u0435\u043f\u0438 \u0441 \u0440\u0435\u0437\u0438\u043d\u043e\u0432\u044b\u043c\u0438 \u0443\u043f\u043e\u0440\u0430\u043c\u0438.<\/li>\n<li>\u041d\u0430\u0431\u043e\u0440 \u0433\u0438\u0434\u0440\u0430\u0432\u043b\u0438\u0447\u0435\u0441\u043a\u0438\u0445 \u0433\u0438\u0434\u0440\u043e\u0446\u0438\u043b\u0438\u043d\u0434\u0440\u043e\u0432 \u0432 \u0441\u0442\u0430\u043d\u0434\u0430\u0440\u0442\u0435.<\/li>\n<li>\u0414\u0432\u043e\u0439\u043d\u044b\u0435 \u0440\u0430\u0437\u0433\u0440\u0443\u0437\u043e\u0447\u043d\u044b\u0435 \u043f\u0440\u0443\u0436\u0438\u043d\u044b.<\/li>\n<li>\u0412\u0430\u043b \u0412\u041e\u041c \u0441 \u043d\u0435\u0440\u0435\u0432\u0435\u0440\u0441\u0438\u0432\u043d\u043e\u0439 \u0444\u0440\u0438\u043a\u0446\u0438\u043e\u043d\u043d\u043e\u0439 \u043c\u0443\u0444\u0442\u043e\u0439 \u0432 \u0441\u0442\u0430\u043d\u0434\u0430\u0440\u0442\u0435.<\/li>\n<li>\u0427\u0435\u0442\u044b\u0440\u0435 \u0434\u0438\u0441\u043a\u0430 \u0434\u043b\u044f \u0443\u043a\u043b\u0430\u0434\u043a\u0438 \u0432\u0430\u043b\u043a\u0430 (\u043d\u0435 \u0434\u043b\u044f K2BF 210).<\/li>\n<li>\u0411\u044b\u0441\u0442\u0440\u0430\u044f \u0438 \u043f\u0440\u043e\u0441\u0442\u0430\u044f \u0437\u0430\u043c\u0435\u043d\u0430 \u0440\u0435\u0436\u0443\u0449\u0438\u0445 \u043d\u043e\u0436\u0435\u0439.<\/li>\n<li>\u041f\u0440\u043e\u0447\u043d\u0430\u044f \u0438 \u0432\u044b\u043d\u043e\u0441\u043b\u0438\u0432\u0430\u044f \u043a\u043e\u043d\u0441\u0442\u0440\u0443\u043a\u0446\u0438\u044f.<\/li>\n<li>\u0422\u0438\u0445\u0430\u044f \u0438 \u0441\u0442\u0430\u0431\u0438\u043b\u044c\u043d\u0430\u044f \u0440\u0430\u0431\u043e\u0442\u0430.<\/li>\n<\/ol>\n<p>[\/vc_column_text][\/vc_column][\/vc_row][vc_row][vc_column][vc_single_image image=&#187;669&#8243; img_size=&#187;full&#187; add_caption=&#187;yes&#187; alignment=&#187;center&#187;][\/vc_column][\/vc_row]<\/p>","protected":false},"excerpt":{"rendered":"<p>[vc_row][vc_column][vc_single_image image=&#187;2107&#8243; img_size=&#187;full&#187; add_caption=&#187;yes&#187;][\/vc_column][\/vc_row][vc_row][vc_column][vc_column_text]\u0424\u0440\u043e\u043d\u0442\u0430\u043b\u044c\u043d\u044b\u0435 \u043a\u043e\u0441\u0438\u043b\u043a\u0438 \u0445\u0430\u0440\u0430\u043a\u0442\u0435\u0440\u0438\u0437\u0443\u044e\u0442\u0441\u044f \u043f\u0440\u0435\u0432\u043e\u0441\u0445\u043e\u0434\u043d\u044b\u043c \u043a\u043e\u043f\u0438\u0440\u043e\u0432\u0430\u043d\u0438\u0435\u043c \u0440\u0435\u043b\u044c\u0435\u0444\u0430, \u0431\u043b\u0430\u0433\u043e\u0434\u0430\u0440\u044f \u043f\u0440\u0438\u043c\u0435\u043d\u0435\u043d\u0438\u044e \u0441\u0438\u0441\u0442\u0435\u043c\u044b \u043d\u0430\u0432\u0435\u0441\u043a\u0438 \u0441 \u0441\u0438\u0441\u0442\u0435\u043c\u043e\u0439 \u0440\u0430\u0437\u0433\u0440\u0443\u0437\u043e\u0447\u043d\u044b\u0445 \u043f\u0440\u0443\u0436\u0438\u043d. \u041a\u043e\u0441\u0438\u043b\u043a\u0438 2 \u0438 4-x \u0431\u0430\u0440\u0430\u0431\u0430\u043d\u043d\u044b\u0435 \u0444\u0440\u043e\u043d\u0442\u0430\u043b\u044c\u043d\u044b\u0435 Dviej\u0173 ir keturi\u0173 b\u016bgn\u0173 \u0161ienapjov\u0117s gamyboje naudojama ratlankio stebul\u0117 (IV tipo) \u2013 du dviej\u0173 eili\u0173 guoliai. \u0422\u0440\u0430\u043d\u0441\u043f\u043e\u0440\u0442\u0438\u0440\u043e\u0432\u043a\u0430 \u043a\u043e\u0441\u0438\u043b\u043a\u0438 \u043f\u0440\u043e\u0438\u0441\u0445\u043e\u0434\u0438\u0442 \u0441 \u043f\u043e\u0434\u043d\u044f\u0442\u044b\u043c\u0438 \u0431\u043e\u043a\u043e\u0432\u044b\u043c\u0438 \u0437\u0430\u0449\u0438\u0442\u0430\u043c\u0438. \u042d\u0442\u043e \u0437\u043d\u0430\u0447\u0438\u0442\u0435\u043b\u044c\u043d\u043e \u0443\u043c\u0435\u043d\u044c\u0448\u0430\u0435\u0442 \u0442\u0440\u0430\u043d\u0441\u043f\u043e\u0440\u0442\u043d\u0443\u044e \u0448\u0438\u0440\u0438\u043d\u0443 \u0438 \u0433\u0430\u0440\u0430\u043d\u0442\u0438\u0440\u0443\u0435\u0442 \u0431\u0435\u0441\u043f\u0440\u0435\u043f\u044f\u0442\u0441\u0442\u0432\u0435\u043d\u043d\u044b\u0439 \u043f\u0440\u043e\u0435\u0437\u0434 [&hellip;]<\/p>\n","protected":false},"author":1,"featured_media":0,"parent":648,"menu_order":0,"comment_status":"closed","ping_status":"closed","template":"","meta":[],"_links":{"self":[{"href":"https:\/\/agrodetales.lt\/ru\/wp-json\/wp\/v2\/pages\/652"}],"collection":[{"href":"https:\/\/agrodetales.lt\/ru\/wp-json\/wp\/v2\/pages"}],"about":[{"href":"https:\/\/agrodetales.lt\/ru\/wp-json\/wp\/v2\/types\/page"}],"author":[{"embeddable":true,"href":"https:\/\/agrodetales.lt\/ru\/wp-json\/wp\/v2\/users\/1"}],"replies":[{"embeddable":true,"href":"https:\/\/agrodetales.lt\/ru\/wp-json\/wp\/v2\/comments?post=652"}],"version-history":[{"count":0,"href":"https:\/\/agrodetales.lt\/ru\/wp-json\/wp\/v2\/pages\/652\/revisions"}],"up":[{"embeddable":true,"href":"https:\/\/agrodetales.lt\/ru\/wp-json\/wp\/v2\/pages\/648"}],"wp:attachment":[{"href":"https:\/\/agrodetales.lt\/ru\/wp-json\/wp\/v2\/media?parent=652"}],"curies":[{"name":"wp","href":"https:\/\/api.w.org\/{rel}","templated":true}]}}