{"id":4360,"date":"2020-01-26T13:09:53","date_gmt":"2020-01-26T11:09:53","guid":{"rendered":"https:\/\/agrodetales.lt\/?post_type=product&#038;p=4360"},"modified":"2020-01-26T13:15:22","modified_gmt":"2020-01-26T11:15:22","slug":"spyruokle-aketeliu-3078-54-02-006-polonez-sejamajai-kopija","status":"publish","type":"product","link":"https:\/\/agrodetales.lt\/ru\/shop\/zemes-ukio-technikos-dalys\/unia\/spyruokle-aketeliu-3078-54-02-006-polonez-sejamajai-kopija\/","title":{"rendered":"(Lietuvi\u0161kai) Spyruokl\u0117 ak\u0117t\u0117li\u0173 3078\/54-02-006 POLONEZ s\u0117jam\u0105jai"},"content":{"rendered":"<p>\u0414\u0438\u0441\u043a \u0432\u044b\u0441\u0435\u0432\u0430\u044e\u0449\u0438\u0439 \u0441\u0435\u044f\u043b\u043a\u0438 UNIA POLONEZ \u0441 \u0444\u0430c\u043a\u043e\u0439<\/p>","protected":false},"excerpt":{"rendered":"<p>\u0414\u0438\u0441\u043a \u0432\u044b\u0441\u0435\u0432\u0430\u044e\u0449\u0438\u0439 \u0441\u0435\u044f\u043b\u043a\u0438 UNIA POLONEZ \u0441 \u0444\u0430c\u043a\u043e\u0439<\/p>\n","protected":false},"featured_media":4359,"comment_status":"closed","ping_status":"closed","template":"","meta":[],"product_cat":[272,129,56],"product_tag":[],"_links":{"self":[{"href":"https:\/\/agrodetales.lt\/ru\/wp-json\/wp\/v2\/product\/4360"}],"collection":[{"href":"https:\/\/agrodetales.lt\/ru\/wp-json\/wp\/v2\/product"}],"about":[{"href":"https:\/\/agrodetales.lt\/ru\/wp-json\/wp\/v2\/types\/product"}],"replies":[{"embeddable":true,"href":"https:\/\/agrodetales.lt\/ru\/wp-json\/wp\/v2\/comments?post=4360"}],"wp:featuredmedia":[{"embeddable":true,"href":"https:\/\/agrodetales.lt\/ru\/wp-json\/wp\/v2\/media\/4359"}],"wp:attachment":[{"href":"https:\/\/agrodetales.lt\/ru\/wp-json\/wp\/v2\/media?parent=4360"}],"wp:term":[{"taxonomy":"product_cat","embeddable":true,"href":"https:\/\/agrodetales.lt\/ru\/wp-json\/wp\/v2\/product_cat?post=4360"},{"taxonomy":"product_tag","embeddable":true,"href":"https:\/\/agrodetales.lt\/ru\/wp-json\/wp\/v2\/product_tag?post=4360"}],"curies":[{"name":"wp","href":"https:\/\/api.w.org\/{rel}","templated":true}]}}